{"id":12,"date":"2025-03-10T00:56:45","date_gmt":"2025-03-10T00:56:45","guid":{"rendered":"https:\/\/susiveikot.net\/3y\/2025\/?page_id=12"},"modified":"2025-11-16T18:28:11","modified_gmt":"2025-11-16T18:28:11","slug":"etusivu","status":"publish","type":"page","link":"https:\/\/susiveikot.net\/3y\/2025\/","title":{"rendered":"III\u00b0 YHTEYS"},"content":{"rendered":"<h3><strong>T\u00e4m\u00e4n vuoden tulokset l\u00f6ytyv\u00e4t: <a href=\"https:\/\/susiveikot.net\/3y\/2025\/tulokset\/\">tulokset<\/a>-sivulta.<\/strong><\/h3>\n<p>Kiitos paljon t\u00e4m\u00e4n vuoden kisaajille!<\/p>\n<hr \/>\n<p>Susiveikkojen legendaarinen partiotaitokisa III\u00b0 YHTEYS tulee taas t\u00e4n\u00e4kin vuonna. T\u00e4ll\u00e4 kertaa kisataan Mafia -teemalla 14.-16.11.2025.<\/p>\n<p>Luvassa on vuoden r\u00e4lein ja pimein PT-Kisa, joka on\u00a0koettava\u00a0itse.<br \/>\nMuistakaa ottaa haltuun kilpailun ig-tili <a href=\"https:\/\/www.instagram.com\/3asteenyhteys\">@3asteenyhteys<\/a>! Tilille on tulossa hy\u00f6dyllisi\u00e4 vinkkej\u00e4 kilpailijoille.<\/p>\n","protected":false},"excerpt":{"rendered":"<p>T\u00e4m\u00e4n vuoden tulokset l\u00f6ytyv\u00e4t: tulokset-sivulta. Kiitos paljon t\u00e4m\u00e4n vuoden kisaajille! Susiveikkojen legendaarinen partiotaitokisa III\u00b0 YHTEYS tulee taas t\u00e4n\u00e4kin vuonna. T\u00e4ll\u00e4 kertaa kisataan Mafia -teemalla 14.-16.11.2025. Luvassa on vuoden r\u00e4lein ja pimein PT-Kisa, joka on\u00a0koettava\u00a0itse. Muistakaa ottaa haltuun kilpailun ig-tili @3asteenyhteys! Tilille on tulossa hy\u00f6dyllisi\u00e4 vinkkej\u00e4 kilpailijoille.<\/p>\n","protected":false},"author":1,"featured_media":0,"parent":0,"menu_order":0,"comment_status":"closed","ping_status":"closed","template":"","meta":{"footnotes":""},"class_list":["post-12","page","type-page","status-publish","hentry"],"_links":{"self":[{"href":"https:\/\/susiveikot.net\/3y\/2025\/wp-json\/wp\/v2\/pages\/12","targetHints":{"allow":["GET"]}}],"collection":[{"href":"https:\/\/susiveikot.net\/3y\/2025\/wp-json\/wp\/v2\/pages"}],"about":[{"href":"https:\/\/susiveikot.net\/3y\/2025\/wp-json\/wp\/v2\/types\/page"}],"author":[{"embeddable":true,"href":"https:\/\/susiveikot.net\/3y\/2025\/wp-json\/wp\/v2\/users\/1"}],"replies":[{"embeddable":true,"href":"https:\/\/susiveikot.net\/3y\/2025\/wp-json\/wp\/v2\/comments?post=12"}],"version-history":[{"count":12,"href":"https:\/\/susiveikot.net\/3y\/2025\/wp-json\/wp\/v2\/pages\/12\/revisions"}],"predecessor-version":[{"id":68,"href":"https:\/\/susiveikot.net\/3y\/2025\/wp-json\/wp\/v2\/pages\/12\/revisions\/68"}],"wp:attachment":[{"href":"https:\/\/susiveikot.net\/3y\/2025\/wp-json\/wp\/v2\/media?parent=12"}],"curies":[{"name":"wp","href":"https:\/\/api.w.org\/{rel}","templated":true}]}}