{"id":18,"date":"2025-03-10T01:10:07","date_gmt":"2025-03-10T01:10:07","guid":{"rendered":"https:\/\/susiveikot.net\/3y\/2025\/?page_id=18"},"modified":"2025-05-26T18:49:45","modified_gmt":"2025-05-26T18:49:45","slug":"kilpailukutsu","status":"publish","type":"page","link":"https:\/\/susiveikot.net\/3y\/2025\/kilpailukutsu\/","title":{"rendered":"Kilpailukutsu"},"content":{"rendered":"<p><span style=\"font-weight: 400;\">III\u00b0 YHTEYS 14.-16.11.2025<\/span><\/p>\n<p><span style=\"font-weight: 400;\">Susiveikkojen legendaarinen partiotaitokisa III\u00b0 YHTEYS tulee taas! T\u00e4ll\u00e4 kertaa kisataan Mafia-teemalla. Luvassa on vuoden mystisin ja pimein PT-Kisa, joka on itse koettava.<\/span><\/p>\n<p><strong>MILLOIN? <span style=\"font-weight: 400;\">14.-16.11.2025.<\/span><\/strong><span style=\"font-weight: 400;\"> Kisa alkaa perjantaina illalla ja maaliin saavutaan viimeist\u00e4\u00e4n sunnuntaina y\u00f6n pimein\u00e4 tunteina. Palkintojenjako pidet\u00e4\u00e4n sunnuntaina aamup\u00e4iv\u00e4ll\u00e4. <\/span><\/p>\n<p><strong>MISS\u00c4?<\/strong> Nuuksiossa (kisan l\u00e4ht\u00f6 Helsingiss\u00e4)<\/p>\n<p><span style=\"font-weight: 400;\"><strong>KENELLE?<\/strong> Kisassa on kaksi sarjaa:<br \/>\n<\/span><b>K\u00e4rsij\u00e4t<\/b><span style=\"font-weight: 400;\"> noin yli 15v &amp; 3-5 j\u00e4sent\u00e4, ik\u00e4kaudet: samoajat-johtajat<br \/>\n<\/span><b>Kakarat<\/b><span style=\"font-weight: 400;\"> noin alle 15v &amp; 3-8 j\u00e4sent\u00e4, ik\u00e4kaudet: seikkailijat-tarpojat + vj<\/span><\/p>\n<p><span style=\"font-weight: 400;\"> Osallistuminen maksaa 80\u20ac\/vartio. Hinta sis\u00e4lt\u00e4\u00e4 oikeuden osallistua kilpailuun, kilpailussa jaettavat materiaalit, aamiaisen sunnuntaina sek\u00e4 lauantain p\u00e4iv\u00e4llisen. Kisavartiot saavat ennakkoteht\u00e4v\u00e4t ilmoittautumisen p\u00e4\u00e4tytty\u00e4.<\/span><\/p>\n<p><span style=\"font-weight: 400;\">Ilmoittautuminen Kuksan kautta 31.10.2025 menness\u00e4:<br \/>\n<a href=\"https:\/\/kuksa.partio.fi\/Kotisivut\/login.aspx?Id=80274\">https:\/\/kuksa.partio.fi\/Kotisivut\/login.aspx?Id=80274<\/a><br \/>\n<\/span><br \/>\n<strong>Yhteydenotot<br \/>\n<\/strong><span style=\"font-weight: 400;\">Katja \u201c\u00c4ss\u00e4\u201d Ritari <\/span><a href=\"mailto:katja.ritari@susiveikot.net\"><span style=\"font-weight: 400;\">katja.ritari@susiveikot.net<\/span><\/a><br \/>\n<span style=\"font-weight: 400;\">Irina Kallio <\/span><a href=\"mailto:irina.kallio@susiveikot.net\"><span style=\"font-weight: 400;\">irina.kallio@susiveikot.net<\/span><\/a><\/p>\n","protected":false},"excerpt":{"rendered":"<p>III\u00b0 YHTEYS 14.-16.11.2025 Susiveikkojen legendaarinen partiotaitokisa III\u00b0 YHTEYS tulee taas! T\u00e4ll\u00e4 kertaa kisataan Mafia-teemalla. Luvassa on vuoden mystisin ja pimein PT-Kisa, joka on itse koettava. MILLOIN? 14.-16.11.2025. Kisa alkaa perjantaina illalla ja maaliin saavutaan viimeist\u00e4\u00e4n sunnuntaina y\u00f6n pimein\u00e4 tunteina. Palkintojenjako pidet\u00e4\u00e4n sunnuntaina aamup\u00e4iv\u00e4ll\u00e4. MISS\u00c4? Nuuksiossa (kisan l\u00e4ht\u00f6 Helsingiss\u00e4) KENELLE? Kisassa on kaksi sarjaa: K\u00e4rsij\u00e4t noin &hellip; <a href=\"https:\/\/susiveikot.net\/3y\/2025\/kilpailukutsu\/\" class=\"more-link\">Jatka artikkeliin <span class=\"screen-reader-text\">Kilpailukutsu<\/span><\/a><\/p>\n","protected":false},"author":1,"featured_media":0,"parent":0,"menu_order":0,"comment_status":"closed","ping_status":"closed","template":"","meta":{"footnotes":""},"class_list":["post-18","page","type-page","status-publish","hentry"],"_links":{"self":[{"href":"https:\/\/susiveikot.net\/3y\/2025\/wp-json\/wp\/v2\/pages\/18","targetHints":{"allow":["GET"]}}],"collection":[{"href":"https:\/\/susiveikot.net\/3y\/2025\/wp-json\/wp\/v2\/pages"}],"about":[{"href":"https:\/\/susiveikot.net\/3y\/2025\/wp-json\/wp\/v2\/types\/page"}],"author":[{"embeddable":true,"href":"https:\/\/susiveikot.net\/3y\/2025\/wp-json\/wp\/v2\/users\/1"}],"replies":[{"embeddable":true,"href":"https:\/\/susiveikot.net\/3y\/2025\/wp-json\/wp\/v2\/comments?post=18"}],"version-history":[{"count":7,"href":"https:\/\/susiveikot.net\/3y\/2025\/wp-json\/wp\/v2\/pages\/18\/revisions"}],"predecessor-version":[{"id":48,"href":"https:\/\/susiveikot.net\/3y\/2025\/wp-json\/wp\/v2\/pages\/18\/revisions\/48"}],"wp:attachment":[{"href":"https:\/\/susiveikot.net\/3y\/2025\/wp-json\/wp\/v2\/media?parent=18"}],"curies":[{"name":"wp","href":"https:\/\/api.w.org\/{rel}","templated":true}]}}