{"id":22,"date":"2025-03-10T00:59:57","date_gmt":"2025-03-10T00:59:57","guid":{"rendered":"https:\/\/susiveikot.net\/3y\/2025\/?page_id=22"},"modified":"2025-03-10T00:59:57","modified_gmt":"2025-03-10T00:59:57","slug":"mika-ihmeen-kay","status":"publish","type":"page","link":"https:\/\/susiveikot.net\/3y\/2025\/mika-ihmeen-kay\/","title":{"rendered":"Mik\u00e4 ihmeen KAY?"},"content":{"rendered":"<p><span style=\"font-weight: 400;\">III\u00b0 Yhteys (Kolmannen Asteen Yhteys, KAY, 3y) on <\/span><span style=\"font-weight: 400;\">Susiveikkojen<\/span><span style=\"font-weight: 400;\"> j\u00e4rjest\u00e4m\u00e4 <\/span><span style=\"font-weight: 400;\">partiotaitokilpailu<\/span><span style=\"font-weight: 400;\"> loka-marraskuun vaihteessa. KAY erottuu muista kisoissa siin\u00e4, ett\u00e4 sen reitti on raskaampi kuin esimerkiksi <\/span><span style=\"font-weight: 400;\">Piirin<\/span><span style=\"font-weight: 400;\"> kisojen reitit sek\u00e4 se kest\u00e4\u00e4 perinteisesti kahden y\u00f6n verran. Varsinkin raskaammassa sarjassa on haastetta, mutta senk\u00e4\u00e4n l\u00e4p\u00e4iseminen ei ole mahdotonta peruskuntoiselle ja -fiksulle kisavartiolle. Kevyempi sarja on tarkoitettu kaikille luonnollisille vartioille.<\/span><\/p>\n<p>Lue lis\u00e4\u00e4 <a href=\"https:\/\/fi.scoutwiki.org\/Susiveikot\/III%C2%B0_Yhteys\">PartioWikist\u00e4<\/a>.<\/p>\n","protected":false},"excerpt":{"rendered":"<p>III\u00b0 Yhteys (Kolmannen Asteen Yhteys, KAY, 3y) on Susiveikkojen j\u00e4rjest\u00e4m\u00e4 partiotaitokilpailu loka-marraskuun vaihteessa. KAY erottuu muista kisoissa siin\u00e4, ett\u00e4 sen reitti on raskaampi kuin esimerkiksi Piirin kisojen reitit sek\u00e4 se kest\u00e4\u00e4 perinteisesti kahden y\u00f6n verran. Varsinkin raskaammassa sarjassa on haastetta, mutta senk\u00e4\u00e4n l\u00e4p\u00e4iseminen ei ole mahdotonta peruskuntoiselle ja -fiksulle kisavartiolle. Kevyempi sarja on tarkoitettu kaikille &hellip; <a href=\"https:\/\/susiveikot.net\/3y\/2025\/mika-ihmeen-kay\/\" class=\"more-link\">Jatka artikkeliin <span class=\"screen-reader-text\">Mik\u00e4 ihmeen KAY?<\/span><\/a><\/p>\n","protected":false},"author":1,"featured_media":0,"parent":0,"menu_order":0,"comment_status":"closed","ping_status":"closed","template":"","meta":{"footnotes":""},"class_list":["post-22","page","type-page","status-publish","hentry"],"_links":{"self":[{"href":"https:\/\/susiveikot.net\/3y\/2025\/wp-json\/wp\/v2\/pages\/22","targetHints":{"allow":["GET"]}}],"collection":[{"href":"https:\/\/susiveikot.net\/3y\/2025\/wp-json\/wp\/v2\/pages"}],"about":[{"href":"https:\/\/susiveikot.net\/3y\/2025\/wp-json\/wp\/v2\/types\/page"}],"author":[{"embeddable":true,"href":"https:\/\/susiveikot.net\/3y\/2025\/wp-json\/wp\/v2\/users\/1"}],"replies":[{"embeddable":true,"href":"https:\/\/susiveikot.net\/3y\/2025\/wp-json\/wp\/v2\/comments?post=22"}],"version-history":[{"count":1,"href":"https:\/\/susiveikot.net\/3y\/2025\/wp-json\/wp\/v2\/pages\/22\/revisions"}],"predecessor-version":[{"id":23,"href":"https:\/\/susiveikot.net\/3y\/2025\/wp-json\/wp\/v2\/pages\/22\/revisions\/23"}],"wp:attachment":[{"href":"https:\/\/susiveikot.net\/3y\/2025\/wp-json\/wp\/v2\/media?parent=22"}],"curies":[{"name":"wp","href":"https:\/\/api.w.org\/{rel}","templated":true}]}}