{"id":62,"date":"2025-11-16T18:16:08","date_gmt":"2025-11-16T18:16:08","guid":{"rendered":"https:\/\/susiveikot.net\/3y\/2025\/?page_id=62"},"modified":"2025-11-16T18:23:04","modified_gmt":"2025-11-16T18:23:04","slug":"tulokset","status":"publish","type":"page","link":"https:\/\/susiveikot.net\/3y\/2025\/tulokset\/","title":{"rendered":"Tulokset"},"content":{"rendered":"<div style=\"word-wrap: normal; -webkit-hyphens: none; -moz-hyphens: none; hyphens: none;\">\n<table>\n<tbody>\n<tr>\n<td width=\"25%\"><strong>Kakarat<\/strong><\/td>\n<td>1. sija: Radioaktiiviset tyynyt (VV) 30.175 p<\/td>\n<\/tr>\n<tr>\n<td width=\"25%\"><\/td>\n<td>2. sija: P\u00f6yt\u00e4 (SuVe) 28.95 p<\/td>\n<\/tr>\n<tr>\n<td width=\"25%\"><\/td>\n<td>3. sija: K\u00e4pylehm\u00e4t (SuVe) 27.75 p<\/td>\n<\/tr>\n<tr>\n<td width=\"25%\"><strong>K\u00e4rsij\u00e4t<\/strong><\/td>\n<td>1. sija: Litosf\u00e4\u00e4rilaatat (HEL) 73.75 p<\/td>\n<\/tr>\n<tr>\n<td width=\"25%\"><\/td>\n<td>2. sija: Er\u00e4haukat (NiiNu) 45.95 p<\/td>\n<\/tr>\n<tr>\n<td width=\"25%\"><\/td>\n<td>3. sija: Id\u00e4n soturit (VVP) 37.725 p<\/td>\n<\/tr>\n<\/tbody>\n<\/table>\n<p>Rastikohtaiset pisteet ja loput tulokset l\u00f6ytyv\u00e4t <a href=\"https:\/\/docs.google.com\/spreadsheets\/d\/15EntmXUE_YCuVlQi4lQgi2zXTTMVG4D_G4BL9wWi2lg\/edit?usp=sharing\">t\u00e4\u00e4lt\u00e4<\/a> (huomaa eri sarjojen v\u00e4lilehdet)<\/p>\n<p>Mik\u00e4li tuloksista her\u00e4\u00e4 jotain kysytt\u00e4v\u00e4\u00e4, voi l\u00e4hett\u00e4\u00e4 s\u00e4hk\u00f6postia osoitteeseen: sumu.forsstrom@susiveikot.net, otsikolla rastin nimi &#8211; vartion nimi. My\u00f6s mik\u00e4li vartio haluaa omia scoms-reittej\u00e4 tai jotain rastisuorituksia takaisin, laittakaa siit\u00e4kin s\u00e4hk\u00f6postia.<\/p>\n<\/div>\n","protected":false},"excerpt":{"rendered":"<p>Kakarat 1. sija: Radioaktiiviset tyynyt (VV) 30.175 p 2. sija: P\u00f6yt\u00e4 (SuVe) 28.95 p 3. sija: K\u00e4pylehm\u00e4t (SuVe) 27.75 p K\u00e4rsij\u00e4t 1. sija: Litosf\u00e4\u00e4rilaatat (HEL) 73.75 p 2. sija: Er\u00e4haukat (NiiNu) 45.95 p 3. sija: Id\u00e4n soturit (VVP) 37.725 p Rastikohtaiset pisteet ja loput tulokset l\u00f6ytyv\u00e4t t\u00e4\u00e4lt\u00e4 (huomaa eri sarjojen v\u00e4lilehdet) Mik\u00e4li tuloksista her\u00e4\u00e4 jotain &hellip; <a href=\"https:\/\/susiveikot.net\/3y\/2025\/tulokset\/\" class=\"more-link\">Jatka artikkeliin <span class=\"screen-reader-text\">Tulokset<\/span><\/a><\/p>\n","protected":false},"author":1,"featured_media":0,"parent":0,"menu_order":0,"comment_status":"closed","ping_status":"closed","template":"","meta":{"footnotes":""},"class_list":["post-62","page","type-page","status-publish","hentry"],"_links":{"self":[{"href":"https:\/\/susiveikot.net\/3y\/2025\/wp-json\/wp\/v2\/pages\/62","targetHints":{"allow":["GET"]}}],"collection":[{"href":"https:\/\/susiveikot.net\/3y\/2025\/wp-json\/wp\/v2\/pages"}],"about":[{"href":"https:\/\/susiveikot.net\/3y\/2025\/wp-json\/wp\/v2\/types\/page"}],"author":[{"embeddable":true,"href":"https:\/\/susiveikot.net\/3y\/2025\/wp-json\/wp\/v2\/users\/1"}],"replies":[{"embeddable":true,"href":"https:\/\/susiveikot.net\/3y\/2025\/wp-json\/wp\/v2\/comments?post=62"}],"version-history":[{"count":4,"href":"https:\/\/susiveikot.net\/3y\/2025\/wp-json\/wp\/v2\/pages\/62\/revisions"}],"predecessor-version":[{"id":66,"href":"https:\/\/susiveikot.net\/3y\/2025\/wp-json\/wp\/v2\/pages\/62\/revisions\/66"}],"wp:attachment":[{"href":"https:\/\/susiveikot.net\/3y\/2025\/wp-json\/wp\/v2\/media?parent=62"}],"curies":[{"name":"wp","href":"https:\/\/api.w.org\/{rel}","templated":true}]}}